{"id":33,"date":"2024-07-02T20:01:14","date_gmt":"2024-07-02T20:01:14","guid":{"rendered":"https:\/\/mungiaclinicaveterinaria.es\/var\/www\/vhosts\/mungiaclinicaveterinaria.eshttpdocs\/?page_id=33"},"modified":"2025-08-26T19:10:19","modified_gmt":"2025-08-26T19:10:19","slug":"home","status":"publish","type":"page","link":"https:\/\/mungiaclinicaveterinaria.es\/var\/www\/vhosts\/mungiaclinicaveterinaria.eshttpdocs\/","title":{"rendered":"Home"},"content":{"rendered":"<h2>Cl\u00ednica Veterinaria en Mungia: Cuidado Profesional para tu Mascota<br \/>\n<\/h2>\n<p>Hola, el doctor Maykel Galloso se complace en recibirles y ofrecerles una atenci\u00f3n cercana y una comunicaci\u00f3n asertiva para mejorar la calidad de vida de su mascota. \u00abSomos mucho m\u00e1s que una simple cl\u00ednica veterinaria en Mungia; somos un equipo dedicado y apasionado por los animales, comprometido con ofrecer una atenci\u00f3n integral y personalizada.<\/p>\n<p>\t\t\t\t\t<a href=\"\/contactar-clinica-veterinaria-mungia\"><br \/>\n\t\t\t\t\t\t\t\t\tCont\u00e1ctanos<br \/>\n\t\t\t\t\t<\/a><\/p>\n<h3>\n\t\t\t\t\t\t\tAtenci\u00f3n Telef\u00f3nica Para Pacientes<br \/>\n\t\t\t\t\t<\/h3>\n<p>\n\t\t\t\t\t\tLlama para hacer la primera consulta.\t\t\t\t\t<\/p>\n<p>\t\t\t\t<svg aria-hidden=\"true\" viewBox=\"0 0 512 512\" xmlns=\"http:\/\/www.w3.org\/2000\/svg\"><path d=\"M447.1 112c-34.2.5-62.3 28.4-63 62.6-.5 24.3 12.5 45.6 32 56.8V344c0 57.3-50.2 104-112 104-60 0-109.2-44.1-111.9-99.2C265 333.8 320 269.2 320 192V36.6c0-11.4-8.1-21.3-19.3-23.5L237.8.5c-13-2.6-25.6 5.8-28.2 18.8L206.4 35c-2.6 13 5.8 25.6 18.8 28.2l30.7 6.1v121.4c0 52.9-42.2 96.7-95.1 97.2-53.4.5-96.9-42.7-96.9-96V69.4l30.7-6.1c13-2.6 21.4-15.2 18.8-28.2l-3.1-15.7C107.7 6.4 95.1-2 82.1.6L19.3 13C8.1 15.3 0 25.1 0 36.6V192c0 77.3 55.1 142 128.1 156.8C130.7 439.2 208.6 512 304 512c97 0 176-75.4 176-168V231.4c19.1-11.1 32-31.7 32-55.4 0-35.7-29.2-64.5-64.9-64zm.9 80c-8.8 0-16-7.2-16-16s7.2-16 16-16 16 7.2 16 16-7.2 16-16 16z\"><\/path><\/svg>\t\t\t\t<\/p>\n<h3>\n\t\t\t\t\t\t\tDiagn\u00f3stico Avanzado<br \/>\n\t\t\t\t\t<\/h3>\n<p>\n\t\t\t\t\t\tAcceso a lo \u00faltimo en medicina veterinaria.\t\t\t\t\t<\/p>\n<h3>\n\t\t\t\t\t\t\tFormaci\u00f3n Internacional<br \/>\n\t\t\t\t\t<\/h3>\n<p>\n\t\t\t\t\t\tProfesional experto con visi\u00f3n global y cient\u00edfica.\n\t\t\t\t\t<\/p>\n<p>\t\t\t\t<svg aria-hidden=\"true\" viewBox=\"0 0 576 512\" xmlns=\"http:\/\/www.w3.org\/2000\/svg\"><path d=\"M298.06,224,448,277.55V496a16,16,0,0,1-16,16H368a16,16,0,0,1-16-16V384H192V496a16,16,0,0,1-16,16H112a16,16,0,0,1-16-16V282.09C58.84,268.84,32,233.66,32,192a32,32,0,0,1,64,0,32.06,32.06,0,0,0,32,32ZM544,112v32a64,64,0,0,1-64,64H448v35.58L320,197.87V48c0-14.25,17.22-21.39,27.31-11.31L374.59,64h53.63c10.91,0,23.75,7.92,28.62,17.69L464,96h64A16,16,0,0,1,544,112Zm-112,0a16,16,0,1,0-16,16A16,16,0,0,0,432,112Z\"><\/path><\/svg>\t\t\t\t<\/p>\n<h3>\n\t\t\t\t\t\t\tCompromiso Animal<br \/>\n\t\t\t\t\t<\/h3>\n<p>\n\t\t\t\t\t\tConfianza y dedicaci\u00f3n al bienestar de tu mascota\t\t\t\t\t<\/p>\n<h5>Nuestros servicios<\/h5>\n<h2>\u00bfQu\u00e9 servicios ofrecemos?<\/h2>\n<p>\t\tEn nuestra cl\u00ednica, ofrecemos una amplia gama de servicios para cubrir todas las necesidades de tu mascota:\t\t<\/p>\n<h4>Consultas Generales<\/h4>\n<p>Ex\u00e1menes, consejos y tratamientos para la salud integral de tu mascota.<\/p>\n<p>                    <a href=\"\/servicios-veterinarios-mungia\" aria-label=\"Saber M\u00e1s\">Saber M\u00e1s<svg viewBox=\"0 0 448 512\" xmlns=\"http:\/\/www.w3.org\/2000\/svg\"><path d=\"M190.5 66.9l22.2-22.2c9.4-9.4 24.6-9.4 33.9 0L441 239c9.4 9.4 9.4 24.6 0 33.9L246.6 467.3c-9.4 9.4-24.6 9.4-33.9 0l-22.2-22.2c-9.5-9.5-9.3-25 .4-34.3L311.4 296H24c-13.3 0-24-10.7-24-24v-32c0-13.3 10.7-24 24-24h287.4L190.9 101.2c-9.8-9.3-10-24.8-.4-34.3z\"><\/path><\/svg><\/a><\/p>\n<h4>Radiograf\u00edas<\/h4>\n<p>Radiograf\u00edas y ecograf\u00edas para visualizar el interior de tu animal.<\/p>\n<p>                    <a href=\"\/servicios-veterinarios-mungia\" aria-label=\"Saber M\u00e1s\">Saber M\u00e1s<svg viewBox=\"0 0 448 512\" xmlns=\"http:\/\/www.w3.org\/2000\/svg\"><path d=\"M190.5 66.9l22.2-22.2c9.4-9.4 24.6-9.4 33.9 0L441 239c9.4 9.4 9.4 24.6 0 33.9L246.6 467.3c-9.4 9.4-24.6 9.4-33.9 0l-22.2-22.2c-9.5-9.5-9.3-25 .4-34.3L311.4 296H24c-13.3 0-24-10.7-24-24v-32c0-13.3 10.7-24 24-24h287.4L190.9 101.2c-9.8-9.3-10-24.8-.4-34.3z\"><\/path><\/svg><\/a><\/p>\n<h4>An\u00e1lisis cl\u00ednicos<\/h4>\n<p>Pruebas de laboratorio para evaluar la salud interna de tu mascota.<\/p>\n<p>                    <a href=\"\/servicios-veterinarios-mungia\" aria-label=\"Saber M\u00e1s\">Saber M\u00e1s<svg viewBox=\"0 0 448 512\" xmlns=\"http:\/\/www.w3.org\/2000\/svg\"><path d=\"M190.5 66.9l22.2-22.2c9.4-9.4 24.6-9.4 33.9 0L441 239c9.4 9.4 9.4 24.6 0 33.9L246.6 467.3c-9.4 9.4-24.6 9.4-33.9 0l-22.2-22.2c-9.5-9.5-9.3-25 .4-34.3L311.4 296H24c-13.3 0-24-10.7-24-24v-32c0-13.3 10.7-24 24-24h287.4L190.9 101.2c-9.8-9.3-10-24.8-.4-34.3z\"><\/path><\/svg><\/a><\/p>\n<h4>Planes de salud<\/h4>\n<p>Programas a medida para el bienestar en cada etapa.\n<\/p>\n<p>                    <a href=\"\/servicios-veterinarios-mungia\" aria-label=\"Saber M\u00e1s\">Saber M\u00e1s<svg viewBox=\"0 0 448 512\" xmlns=\"http:\/\/www.w3.org\/2000\/svg\"><path d=\"M190.5 66.9l22.2-22.2c9.4-9.4 24.6-9.4 33.9 0L441 239c9.4 9.4 9.4 24.6 0 33.9L246.6 467.3c-9.4 9.4-24.6 9.4-33.9 0l-22.2-22.2c-9.5-9.5-9.3-25 .4-34.3L311.4 296H24c-13.3 0-24-10.7-24-24v-32c0-13.3 10.7-24 24-24h287.4L190.9 101.2c-9.8-9.3-10-24.8-.4-34.3z\"><\/path><\/svg><\/a><\/p>\n<h4>Endoscopias <\/h4>\n<p>Visualizaci\u00f3n interna para diagn\u00f3sticos precisos y tratamientos m\u00ednimamente invasivos.\n<\/p>\n<p>                    <a href=\"\/servicios-veterinarios-mungia\" aria-label=\"Saber M\u00e1s\">Saber M\u00e1s<svg viewBox=\"0 0 448 512\" xmlns=\"http:\/\/www.w3.org\/2000\/svg\"><path d=\"M190.5 66.9l22.2-22.2c9.4-9.4 24.6-9.4 33.9 0L441 239c9.4 9.4 9.4 24.6 0 33.9L246.6 467.3c-9.4 9.4-24.6 9.4-33.9 0l-22.2-22.2c-9.5-9.5-9.3-25 .4-34.3L311.4 296H24c-13.3 0-24-10.7-24-24v-32c0-13.3 10.7-24 24-24h287.4L190.9 101.2c-9.8-9.3-10-24.8-.4-34.3z\"><\/path><\/svg><\/a><\/p>\n<h4>Cirug\u00edas generales<\/h4>\n<p>Procedimientos quir\u00fargicos generales y especializados para la salud animal.\n<\/p>\n<p>                    <a href=\"\/servicios-veterinarios-mungia\" aria-label=\"Saber M\u00e1s\">Saber M\u00e1s<svg viewBox=\"0 0 448 512\" xmlns=\"http:\/\/www.w3.org\/2000\/svg\"><path d=\"M190.5 66.9l22.2-22.2c9.4-9.4 24.6-9.4 33.9 0L441 239c9.4 9.4 9.4 24.6 0 33.9L246.6 467.3c-9.4 9.4-24.6 9.4-33.9 0l-22.2-22.2c-9.5-9.5-9.3-25 .4-34.3L311.4 296H24c-13.3 0-24-10.7-24-24v-32c0-13.3 10.7-24 24-24h287.4L190.9 101.2c-9.8-9.3-10-24.8-.4-34.3z\"><\/path><\/svg><\/a><br \/>\n\t\t\t\t\t<img loading=\"lazy\" width=\"512\" height=\"512\" src=\"https:\/\/mungiaclinicaveterinaria.es\/var\/www\/vhosts\/mungiaclinicaveterinaria.eshttpdocs\/wp-content\/uploads\/2024\/07\/telefono.png\" alt=\"+34 638 72 80 10\" url=\"https:\/\/mungiaclinicaveterinaria.es\/var\/www\/vhosts\/mungiaclinicaveterinaria.eshttpdocs\/wp-content\/uploads\/2024\/07\/telefono.png\" source=\"library\" decoding=\"async\" srcset=\"https:\/\/mungiaclinicaveterinaria.es\/var\/www\/vhosts\/mungiaclinicaveterinaria.eshttpdocs\/wp-content\/uploads\/2024\/07\/telefono.png 512w, https:\/\/mungiaclinicaveterinaria.es\/var\/www\/vhosts\/mungiaclinicaveterinaria.eshttpdocs\/wp-content\/uploads\/2024\/07\/telefono-300x300.png 300w, https:\/\/mungiaclinicaveterinaria.es\/var\/www\/vhosts\/mungiaclinicaveterinaria.eshttpdocs\/wp-content\/uploads\/2024\/07\/telefono-150x150.png 150w, https:\/\/mungiaclinicaveterinaria.es\/var\/www\/vhosts\/mungiaclinicaveterinaria.eshttpdocs\/wp-content\/uploads\/2024\/07\/telefono-12x12.png 12w\" sizes=\"auto, (max-width: 512px) 100vw, 512px\" \/><\/p>\n<h4>+34 638 72 80 10<\/h4>\n<p>ATENCI\u00d3N AL CLIENTE<br \/>\nServicio telef\u00f3nico para pacientes de lunes a s\u00e1bado.<\/p>\n<p>                    <a href=\"\/contactar-clinica-veterinaria-mungia\" aria-label=\"Saber M\u00e1s\">Saber M\u00e1s<svg viewBox=\"0 0 448 512\" xmlns=\"http:\/\/www.w3.org\/2000\/svg\"><path d=\"M190.5 66.9l22.2-22.2c9.4-9.4 24.6-9.4 33.9 0L441 239c9.4 9.4 9.4 24.6 0 33.9L246.6 467.3c-9.4 9.4-24.6 9.4-33.9 0l-22.2-22.2c-9.5-9.5-9.3-25 .4-34.3L311.4 296H24c-13.3 0-24-10.7-24-24v-32c0-13.3 10.7-24 24-24h287.4L190.9 101.2c-9.8-9.3-10-24.8-.4-34.3z\"><\/path><\/svg><\/a><\/p>\n<h5>Sobre Nosotros<\/h5>\n<h2>Sobre Nuestra Cl\u00ednica<\/h2>\n<p>\t\tNos enorgullece poder decir que nuestra realizaci\u00f3n personal se refleja en la salud y el bienestar de cada uno de nuestros pacientes. <\/p>\n<p>Verlos recuperarse, mejorar su calidad de vida y regresar felices a sus hogares es nuestra mayor recompensa. <\/p>\n<p>En Clinica Veterinaria Mungia, no solo tratamos enfermedades, sino que construimos relaciones de confianza duraderas con vosotros y vuestras queridas mascotas. <\/p>\n<p>\t\t\t\t\t<a href=\"\/contactar-clinica-veterinaria-mungia\"><br \/>\n\t\t\t\t\t\t\t\t\tContactar<br \/>\n\t\t\t\t\t<\/a><br \/>\n\t\t\t\t\t\t\t\t\t\t\t\t\t\t\t<img loading=\"lazy\" width=\"800\" height=\"1200\" src=\"https:\/\/mungiaclinicaveterinaria.es\/var\/www\/vhosts\/mungiaclinicaveterinaria.eshttpdocs\/wp-content\/uploads\/2025\/05\/bativpqwwqw-1.jpg\" alt=\"Cl\u00ednica Veterinaria en Mungia\" decoding=\"async\" srcset=\"https:\/\/mungiaclinicaveterinaria.es\/var\/www\/vhosts\/mungiaclinicaveterinaria.eshttpdocs\/wp-content\/uploads\/2025\/05\/bativpqwwqw-1.jpg 800w, https:\/\/mungiaclinicaveterinaria.es\/var\/www\/vhosts\/mungiaclinicaveterinaria.eshttpdocs\/wp-content\/uploads\/2025\/05\/bativpqwwqw-1-200x300.jpg 200w, https:\/\/mungiaclinicaveterinaria.es\/var\/www\/vhosts\/mungiaclinicaveterinaria.eshttpdocs\/wp-content\/uploads\/2025\/05\/bativpqwwqw-1-683x1024.jpg 683w, https:\/\/mungiaclinicaveterinaria.es\/var\/www\/vhosts\/mungiaclinicaveterinaria.eshttpdocs\/wp-content\/uploads\/2025\/05\/bativpqwwqw-1-768x1152.jpg 768w, https:\/\/mungiaclinicaveterinaria.es\/var\/www\/vhosts\/mungiaclinicaveterinaria.eshttpdocs\/wp-content\/uploads\/2025\/05\/bativpqwwqw-1-8x12.jpg 8w\" sizes=\"auto, (max-width: 800px) 100vw, 800px\" \/><br \/>\n\t\t\t\t\t\t\t\t\t\t\t\t\t\t\t<img loading=\"lazy\" width=\"675\" height=\"1200\" src=\"https:\/\/mungiaclinicaveterinaria.es\/var\/www\/vhosts\/mungiaclinicaveterinaria.eshttpdocs\/wp-content\/uploads\/2025\/05\/h9jy4jd1bee-2.jpg\" alt=\"Cl\u00ednica Veterinaria en Mungia\" decoding=\"async\" srcset=\"https:\/\/mungiaclinicaveterinaria.es\/var\/www\/vhosts\/mungiaclinicaveterinaria.eshttpdocs\/wp-content\/uploads\/2025\/05\/h9jy4jd1bee-2.jpg 675w, https:\/\/mungiaclinicaveterinaria.es\/var\/www\/vhosts\/mungiaclinicaveterinaria.eshttpdocs\/wp-content\/uploads\/2025\/05\/h9jy4jd1bee-2-169x300.jpg 169w, https:\/\/mungiaclinicaveterinaria.es\/var\/www\/vhosts\/mungiaclinicaveterinaria.eshttpdocs\/wp-content\/uploads\/2025\/05\/h9jy4jd1bee-2-576x1024.jpg 576w, https:\/\/mungiaclinicaveterinaria.es\/var\/www\/vhosts\/mungiaclinicaveterinaria.eshttpdocs\/wp-content\/uploads\/2025\/05\/h9jy4jd1bee-2-7x12.jpg 7w\" sizes=\"auto, (max-width: 675px) 100vw, 675px\" \/>\t\t\t\t\t\t\t\t\t\t\t\t\t\t\t<\/p>\n<h5>\u00bfPor Que Elegirnos?<\/h5>\n<h2>\u00bfPor Que Elegirnos?<\/h2>\n<p>\t\tCuando se trata de la salud y el bienestar de tu compa\u00f1ero animal, sabemos que la elecci\u00f3n de un veterinario es una decisi\u00f3n importante. <\/p>\n<p>En cl\u00ednica veterinaria mungia, te ofrecemos razones s\u00f3lidas para confiar en nuestro equipo y nuestros servicios:<br \/>\n<strong>Un Enfoque Genuinamente Centrado en el Paciente:<\/strong><\/p>\n<p><strong>Acceso a la Vanguardia de la Medicina Veterinaria:<\/strong> <\/p>\n<p><strong>Comunicaci\u00f3n Clara y Transparente en Cada Paso: <\/strong><br \/>\n\t\t\t\t\t<a href=\"\/contactar-clinica-veterinaria-mungia\"><br \/>\n\t\t\t\t\t\t\t\t\tContactar<br \/>\n\t\t\t\t\t<\/a><\/p>\n","protected":false},"excerpt":{"rendered":"<p>Cl\u00ednica Veterinaria en Mungia: Cuidado Profesional para tu Mascota Hola, el doctor Maykel Galloso se complace en recibirles y ofrecerles una atenci\u00f3n cercana y una comunicaci\u00f3n asertiva para mejorar la calidad de vida de su mascota. \u00abSomos mucho m\u00e1s que una simple cl\u00ednica veterinaria en Mungia; somos un equipo dedicado y apasionado por los animales, [&hellip;]<\/p>\n","protected":false},"author":1,"featured_media":0,"parent":0,"menu_order":0,"comment_status":"closed","ping_status":"open","template":"elementor_header_footer","meta":{"footnotes":""},"class_list":["post-33","page","type-page","status-publish","hentry"],"yoast_head":"<!-- This site is optimized with the Yoast SEO plugin v23.0 - https:\/\/yoast.com\/wordpress\/plugins\/seo\/ -->\n<title>Cl\u00ednica Veterinaria en Mungia<\/title>\n<meta name=\"description\" content=\"Cl\u00ednica Veterinaria en Mungia: Cuidado Profesional para tu Mascota Hola, el doctor Maykel Galloso se complace en recibirles y ofrecerles una atenci\u00f3n cercana y una comunicaci\u00f3n asertiva para mejorar la calidad de vida de su mascota. \u00abSomos mucho m\u00e1s que una simple cl\u00ednica veterinaria en Mungia; somos un equipo dedicado y apasionado por los animales, [&hellip;]\" \/>\n<meta name=\"robots\" content=\"index, follow, max-snippet:-1, max-image-preview:large, max-video-preview:-1\" \/>\n<link rel=\"canonical\" href=\"https:\/\/mungiaclinicaveterinaria.es\/var\/www\/vhosts\/mungiaclinicaveterinaria.eshttpdocs\/\" \/>\n<meta property=\"og:locale\" content=\"es_ES\" \/>\n<meta property=\"og:type\" content=\"article\" \/>\n<meta property=\"og:title\" content=\"Cl\u00ednica Veterinaria en Mungia\" \/>\n<meta property=\"og:description\" content=\"Buscas una cl\u00ednica veterinaria en Mungia con atenci\u00f3n personalizada y t\u00e9cnicas avanzadas? En Cl\u00ednica Veterinaria Mungia, tu mascota es nuestra prioridad.\" \/>\n<meta property=\"og:url\" content=\"https:\/\/mungiaclinicaveterinaria.es\/var\/www\/vhosts\/mungiaclinicaveterinaria.eshttpdocs\/\" \/>\n<meta property=\"og:site_name\" content=\"Mungiaclinicaveterinaria\" \/>\n<meta property=\"article:modified_time\" content=\"2025-08-26T19:10:19+00:00\" \/>\n<meta property=\"og:image\" content=\"https:\/\/mungiaclinicaveterinaria.es\/var\/www\/vhosts\/mungiaclinicaveterinaria.eshttpdocs\/wp-content\/uploads\/2024\/07\/telefono.png\" \/>\n<meta name=\"twitter:card\" content=\"summary_large_image\" \/>\n<meta name=\"twitter:label1\" content=\"Tiempo de lectura\" \/>\n\t<meta name=\"twitter:data1\" content=\"3 minutos\" \/>\n<script type=\"application\/ld+json\" class=\"yoast-schema-graph\">{\"@context\":\"https:\/\/schema.org\",\"@graph\":[{\"@type\":\"WebPage\",\"@id\":\"https:\/\/mungiaclinicaveterinaria.es\/var\/www\/vhosts\/mungiaclinicaveterinaria.eshttpdocs\/\",\"url\":\"https:\/\/mungiaclinicaveterinaria.es\/var\/www\/vhosts\/mungiaclinicaveterinaria.eshttpdocs\/\",\"name\":\"Cl\u00ednica Veterinaria en Mungia\",\"isPartOf\":{\"@id\":\"https:\/\/mungiaclinicaveterinaria.es\/var\/www\/vhosts\/mungiaclinicaveterinaria.eshttpdocs\/#website\"},\"primaryImageOfPage\":{\"@id\":\"https:\/\/mungiaclinicaveterinaria.es\/var\/www\/vhosts\/mungiaclinicaveterinaria.eshttpdocs\/#primaryimage\"},\"image\":{\"@id\":\"https:\/\/mungiaclinicaveterinaria.es\/var\/www\/vhosts\/mungiaclinicaveterinaria.eshttpdocs\/#primaryimage\"},\"thumbnailUrl\":\"https:\/\/mungiaclinicaveterinaria.es\/var\/www\/vhosts\/mungiaclinicaveterinaria.eshttpdocs\/wp-content\/uploads\/2024\/07\/telefono.png\",\"datePublished\":\"2024-07-02T20:01:14+00:00\",\"dateModified\":\"2025-08-26T19:10:19+00:00\",\"description\":\"Buscas una cl\u00ednica veterinaria en Mungia con atenci\u00f3n personalizada y t\u00e9cnicas avanzadas? En Cl\u00ednica Veterinaria Mungia, tu mascota es nuestra prioridad.\",\"breadcrumb\":{\"@id\":\"https:\/\/mungiaclinicaveterinaria.es\/var\/www\/vhosts\/mungiaclinicaveterinaria.eshttpdocs\/#breadcrumb\"},\"inLanguage\":\"es\",\"potentialAction\":[{\"@type\":\"ReadAction\",\"target\":[\"https:\/\/mungiaclinicaveterinaria.es\/var\/www\/vhosts\/mungiaclinicaveterinaria.eshttpdocs\/\"]}]},{\"@type\":\"ImageObject\",\"inLanguage\":\"es\",\"@id\":\"https:\/\/mungiaclinicaveterinaria.es\/var\/www\/vhosts\/mungiaclinicaveterinaria.eshttpdocs\/#primaryimage\",\"url\":\"https:\/\/mungiaclinicaveterinaria.es\/var\/www\/vhosts\/mungiaclinicaveterinaria.eshttpdocs\/wp-content\/uploads\/2024\/07\/telefono.png\",\"contentUrl\":\"https:\/\/mungiaclinicaveterinaria.es\/var\/www\/vhosts\/mungiaclinicaveterinaria.eshttpdocs\/wp-content\/uploads\/2024\/07\/telefono.png\",\"width\":512,\"height\":512},{\"@type\":\"BreadcrumbList\",\"@id\":\"https:\/\/mungiaclinicaveterinaria.es\/var\/www\/vhosts\/mungiaclinicaveterinaria.eshttpdocs\/#breadcrumb\",\"itemListElement\":[{\"@type\":\"ListItem\",\"position\":1,\"name\":\"Portada\",\"item\":\"https:\/\/mungiaclinicaveterinaria.es\/var\/www\/vhosts\/mungiaclinicaveterinaria.eshttpdocs\/\"},{\"@type\":\"ListItem\",\"position\":2,\"name\":\"Home\"}]},{\"@type\":\"WebSite\",\"@id\":\"https:\/\/mungiaclinicaveterinaria.es\/var\/www\/vhosts\/mungiaclinicaveterinaria.eshttpdocs\/#website\",\"url\":\"https:\/\/mungiaclinicaveterinaria.es\/var\/www\/vhosts\/mungiaclinicaveterinaria.eshttpdocs\/\",\"name\":\"Mungiaclinicaveterinaria\",\"description\":\"\",\"publisher\":{\"@id\":\"https:\/\/mungiaclinicaveterinaria.es\/var\/www\/vhosts\/mungiaclinicaveterinaria.eshttpdocs\/#organization\"},\"potentialAction\":[{\"@type\":\"SearchAction\",\"target\":{\"@type\":\"EntryPoint\",\"urlTemplate\":\"https:\/\/mungiaclinicaveterinaria.es\/var\/www\/vhosts\/mungiaclinicaveterinaria.eshttpdocs\/?s={search_term_string}\"},\"query-input\":\"required name=search_term_string\"}],\"inLanguage\":\"es\"},{\"@type\":\"Organization\",\"@id\":\"https:\/\/mungiaclinicaveterinaria.es\/var\/www\/vhosts\/mungiaclinicaveterinaria.eshttpdocs\/#organization\",\"name\":\"Mungiaclinicaveterinaria\",\"url\":\"https:\/\/mungiaclinicaveterinaria.es\/var\/www\/vhosts\/mungiaclinicaveterinaria.eshttpdocs\/\",\"logo\":{\"@type\":\"ImageObject\",\"inLanguage\":\"es\",\"@id\":\"https:\/\/mungiaclinicaveterinaria.es\/var\/www\/vhosts\/mungiaclinicaveterinaria.eshttpdocs\/#\/schema\/logo\/image\/\",\"url\":\"https:\/\/mungiaclinicaveterinaria.es\/var\/www\/vhosts\/mungiaclinicaveterinaria.eshttpdocs\/wp-content\/uploads\/2024\/07\/71774397_2349443251972215_3449247720991096832_n.jpg\",\"contentUrl\":\"https:\/\/mungiaclinicaveterinaria.es\/var\/www\/vhosts\/mungiaclinicaveterinaria.eshttpdocs\/wp-content\/uploads\/2024\/07\/71774397_2349443251972215_3449247720991096832_n.jpg\",\"width\":296,\"height\":295,\"caption\":\"Mungiaclinicaveterinaria\"},\"image\":{\"@id\":\"https:\/\/mungiaclinicaveterinaria.es\/var\/www\/vhosts\/mungiaclinicaveterinaria.eshttpdocs\/#\/schema\/logo\/image\/\"}}]}<\/script>\n<!-- \/ Yoast SEO plugin. -->","yoast_head_json":{"title":"Cl\u00ednica Veterinaria en Mungia","description":"Cl\u00ednica Veterinaria en Mungia: Cuidado Profesional para tu Mascota Hola, el doctor Maykel Galloso se complace en recibirles y ofrecerles una atenci\u00f3n cercana y una comunicaci\u00f3n asertiva para mejorar la calidad de vida de su mascota. \u00abSomos mucho m\u00e1s que una simple cl\u00ednica veterinaria en Mungia; somos un equipo dedicado y apasionado por los animales, [&hellip;]","robots":{"index":"index","follow":"follow","max-snippet":"max-snippet:-1","max-image-preview":"max-image-preview:large","max-video-preview":"max-video-preview:-1"},"canonical":"https:\/\/mungiaclinicaveterinaria.es\/var\/www\/vhosts\/mungiaclinicaveterinaria.eshttpdocs\/","og_locale":"es_ES","og_type":"article","og_title":"Cl\u00ednica Veterinaria en Mungia","og_description":"Buscas una cl\u00ednica veterinaria en Mungia con atenci\u00f3n personalizada y t\u00e9cnicas avanzadas? En Cl\u00ednica Veterinaria Mungia, tu mascota es nuestra prioridad.","og_url":"https:\/\/mungiaclinicaveterinaria.es\/var\/www\/vhosts\/mungiaclinicaveterinaria.eshttpdocs\/","og_site_name":"Mungiaclinicaveterinaria","article_modified_time":"2025-08-26T19:10:19+00:00","og_image":[{"url":"https:\/\/mungiaclinicaveterinaria.es\/var\/www\/vhosts\/mungiaclinicaveterinaria.eshttpdocs\/wp-content\/uploads\/2024\/07\/telefono.png"}],"twitter_card":"summary_large_image","twitter_misc":{"Tiempo de lectura":"3 minutos"},"schema":{"@context":"https:\/\/schema.org","@graph":[{"@type":"WebPage","@id":"https:\/\/mungiaclinicaveterinaria.es\/var\/www\/vhosts\/mungiaclinicaveterinaria.eshttpdocs\/","url":"https:\/\/mungiaclinicaveterinaria.es\/var\/www\/vhosts\/mungiaclinicaveterinaria.eshttpdocs\/","name":"Cl\u00ednica Veterinaria en Mungia","isPartOf":{"@id":"https:\/\/mungiaclinicaveterinaria.es\/var\/www\/vhosts\/mungiaclinicaveterinaria.eshttpdocs\/#website"},"primaryImageOfPage":{"@id":"https:\/\/mungiaclinicaveterinaria.es\/var\/www\/vhosts\/mungiaclinicaveterinaria.eshttpdocs\/#primaryimage"},"image":{"@id":"https:\/\/mungiaclinicaveterinaria.es\/var\/www\/vhosts\/mungiaclinicaveterinaria.eshttpdocs\/#primaryimage"},"thumbnailUrl":"https:\/\/mungiaclinicaveterinaria.es\/var\/www\/vhosts\/mungiaclinicaveterinaria.eshttpdocs\/wp-content\/uploads\/2024\/07\/telefono.png","datePublished":"2024-07-02T20:01:14+00:00","dateModified":"2025-08-26T19:10:19+00:00","description":"Buscas una cl\u00ednica veterinaria en Mungia con atenci\u00f3n personalizada y t\u00e9cnicas avanzadas? En Cl\u00ednica Veterinaria Mungia, tu mascota es nuestra prioridad.","breadcrumb":{"@id":"https:\/\/mungiaclinicaveterinaria.es\/var\/www\/vhosts\/mungiaclinicaveterinaria.eshttpdocs\/#breadcrumb"},"inLanguage":"es","potentialAction":[{"@type":"ReadAction","target":["https:\/\/mungiaclinicaveterinaria.es\/var\/www\/vhosts\/mungiaclinicaveterinaria.eshttpdocs\/"]}]},{"@type":"ImageObject","inLanguage":"es","@id":"https:\/\/mungiaclinicaveterinaria.es\/var\/www\/vhosts\/mungiaclinicaveterinaria.eshttpdocs\/#primaryimage","url":"https:\/\/mungiaclinicaveterinaria.es\/var\/www\/vhosts\/mungiaclinicaveterinaria.eshttpdocs\/wp-content\/uploads\/2024\/07\/telefono.png","contentUrl":"https:\/\/mungiaclinicaveterinaria.es\/var\/www\/vhosts\/mungiaclinicaveterinaria.eshttpdocs\/wp-content\/uploads\/2024\/07\/telefono.png","width":512,"height":512},{"@type":"BreadcrumbList","@id":"https:\/\/mungiaclinicaveterinaria.es\/var\/www\/vhosts\/mungiaclinicaveterinaria.eshttpdocs\/#breadcrumb","itemListElement":[{"@type":"ListItem","position":1,"name":"Portada","item":"https:\/\/mungiaclinicaveterinaria.es\/var\/www\/vhosts\/mungiaclinicaveterinaria.eshttpdocs\/"},{"@type":"ListItem","position":2,"name":"Home"}]},{"@type":"WebSite","@id":"https:\/\/mungiaclinicaveterinaria.es\/var\/www\/vhosts\/mungiaclinicaveterinaria.eshttpdocs\/#website","url":"https:\/\/mungiaclinicaveterinaria.es\/var\/www\/vhosts\/mungiaclinicaveterinaria.eshttpdocs\/","name":"Mungiaclinicaveterinaria","description":"","publisher":{"@id":"https:\/\/mungiaclinicaveterinaria.es\/var\/www\/vhosts\/mungiaclinicaveterinaria.eshttpdocs\/#organization"},"potentialAction":[{"@type":"SearchAction","target":{"@type":"EntryPoint","urlTemplate":"https:\/\/mungiaclinicaveterinaria.es\/var\/www\/vhosts\/mungiaclinicaveterinaria.eshttpdocs\/?s={search_term_string}"},"query-input":"required name=search_term_string"}],"inLanguage":"es"},{"@type":"Organization","@id":"https:\/\/mungiaclinicaveterinaria.es\/var\/www\/vhosts\/mungiaclinicaveterinaria.eshttpdocs\/#organization","name":"Mungiaclinicaveterinaria","url":"https:\/\/mungiaclinicaveterinaria.es\/var\/www\/vhosts\/mungiaclinicaveterinaria.eshttpdocs\/","logo":{"@type":"ImageObject","inLanguage":"es","@id":"https:\/\/mungiaclinicaveterinaria.es\/var\/www\/vhosts\/mungiaclinicaveterinaria.eshttpdocs\/#\/schema\/logo\/image\/","url":"https:\/\/mungiaclinicaveterinaria.es\/var\/www\/vhosts\/mungiaclinicaveterinaria.eshttpdocs\/wp-content\/uploads\/2024\/07\/71774397_2349443251972215_3449247720991096832_n.jpg","contentUrl":"https:\/\/mungiaclinicaveterinaria.es\/var\/www\/vhosts\/mungiaclinicaveterinaria.eshttpdocs\/wp-content\/uploads\/2024\/07\/71774397_2349443251972215_3449247720991096832_n.jpg","width":296,"height":295,"caption":"Mungiaclinicaveterinaria"},"image":{"@id":"https:\/\/mungiaclinicaveterinaria.es\/var\/www\/vhosts\/mungiaclinicaveterinaria.eshttpdocs\/#\/schema\/logo\/image\/"}}]}},"_links":{"self":[{"href":"https:\/\/mungiaclinicaveterinaria.es\/var\/www\/vhosts\/mungiaclinicaveterinaria.eshttpdocs\/wp-json\/wp\/v2\/pages\/33","targetHints":{"allow":["GET"]}}],"collection":[{"href":"https:\/\/mungiaclinicaveterinaria.es\/var\/www\/vhosts\/mungiaclinicaveterinaria.eshttpdocs\/wp-json\/wp\/v2\/pages"}],"about":[{"href":"https:\/\/mungiaclinicaveterinaria.es\/var\/www\/vhosts\/mungiaclinicaveterinaria.eshttpdocs\/wp-json\/wp\/v2\/types\/page"}],"author":[{"embeddable":true,"href":"https:\/\/mungiaclinicaveterinaria.es\/var\/www\/vhosts\/mungiaclinicaveterinaria.eshttpdocs\/wp-json\/wp\/v2\/users\/1"}],"replies":[{"embeddable":true,"href":"https:\/\/mungiaclinicaveterinaria.es\/var\/www\/vhosts\/mungiaclinicaveterinaria.eshttpdocs\/wp-json\/wp\/v2\/comments?post=33"}],"version-history":[{"count":27,"href":"https:\/\/mungiaclinicaveterinaria.es\/var\/www\/vhosts\/mungiaclinicaveterinaria.eshttpdocs\/wp-json\/wp\/v2\/pages\/33\/revisions"}],"predecessor-version":[{"id":1460,"href":"https:\/\/mungiaclinicaveterinaria.es\/var\/www\/vhosts\/mungiaclinicaveterinaria.eshttpdocs\/wp-json\/wp\/v2\/pages\/33\/revisions\/1460"}],"wp:attachment":[{"href":"https:\/\/mungiaclinicaveterinaria.es\/var\/www\/vhosts\/mungiaclinicaveterinaria.eshttpdocs\/wp-json\/wp\/v2\/media?parent=33"}],"curies":[{"name":"wp","href":"https:\/\/api.w.org\/{rel}","templated":true}]}}